{"id":2432,"date":"2020-08-12T18:24:46","date_gmt":"2020-08-12T23:24:46","guid":{"rendered":"http:\/\/demo.mifotocabina.com\/cafecultor-website\/club-cafecultor\/"},"modified":"2021-05-25T16:15:24","modified_gmt":"2021-05-25T21:15:24","slug":"cafe-cultor-club","status":"publish","type":"page","link":"https:\/\/cafecultor.co\/en\/cafe-cultor-club\/","title":{"rendered":"CAF\u00c9 CULTOR CLUB"},"content":{"rendered":"<div class=\"wpb-content-wrapper\"><p>[vc_row full_width=&#8221;stretch_row&#8221; full_height=&#8221;yes&#8221; bg_type=&#8221;image&#8221; parallax_style=&#8221;vcpb-default&#8221; bg_image_new=&#8221;id^1535|url^http:\/\/cafecultor.co\/wp-content\/uploads\/fondo-pack-4.jpg|caption^null|alt^null|title^fondo-pack-4|description^null&#8221; bg_image_repeat=&#8221;no-repeat&#8221; bg_image_size=&#8221;contain&#8221; bg_image_posiiton=&#8221;right&#8221;][vc_column][vc_row_inner][vc_column_inner width=&#8221;5\/12&#8243;][vc_column_text]<\/p>\n<h2 class=\"custon-title\"><em>CAF\u00c9CULTOR<\/em><br \/>\n<em>CLUB<\/em><\/h2>\n<p><strong>Join our club and you will be updated on our products, promotions and everything related to coffee.<\/strong>[\/vc_column_text]<div class=\" vc_custom_1603838707310 ubtn-ctn-left btn-cafecultor\"><a class=\"ubtn-link ult-adjust-bottom-margin ubtn-left ubtn-custom btn-cafecultor\" href=\"#suscripciones\" ><button type=\"button\" id=\"ubtn-1094\"  class=\"ubtn ult-adjust-bottom-margin ult-responsive ubtn-custom ubtn-no-hover-bg  ulta-hover  ubtn-left   tooltip-69e667569686f\"  data-hover=\"#000000\" data-border-color=\"#000000\" data-bg=\"rgba(255,255,255,0.01)\" data-hover-bg=\"rgba(255,255,255,0.01)\" data-border-hover=\"#000000\" data-shadow-hover=\"\" data-shadow-click=\"none\" data-shadow=\"\" data-shd-shadow=\"\"  data-ultimate-target='#ubtn-1094'  data-responsive-json-new='{\"font-size\":\"desktop:14px;\",\"line-height\":\"desktop:16px;\"}'  style=\"font-family:&#039;Open Sans&#039;;font-weight:600;width:px;min-height:px;padding:15px 20px;border-radius:0px;border-width:2px;border-color:#000000;border-style:solid;background: rgba(255,255,255,0.01);color: #000000;\"><span class=\"ubtn-hover\" style=\"background-color:rgba(255,255,255,0.01)\"><\/span><span class=\"ubtn-data ubtn-text \" >SEE SUBSCRIPTIONS<\/span><\/button><\/a><\/div>[\/vc_column_inner][vc_column_inner width=&#8221;7\/12&#8243; offset=&#8221;vc_hidden-xs&#8221;][\/vc_column_inner][vc_column_inner offset=&#8221;vc_hidden-lg vc_hidden-md vc_hidden-sm&#8221;][vc_single_image image=&#8221;1535&#8243; img_size=&#8221;full&#8221; css=&#8221;.vc_custom_1604691069722{margin-top: 30px !important;}&#8221;][\/vc_column_inner][\/vc_row_inner][\/vc_column][\/vc_row][vc_row full_width=&#8221;stretch_row&#8221; el_id=&#8221;suscripciones&#8221; css=&#8221;.vc_custom_1597282014213{padding-top: 50px !important;padding-bottom: 50px !important;background-color: #f2f2f2 !important;}&#8221;][vc_column][vc_column_text]<\/p>\n<h3 style=\"text-align: center;\">Featured subscriptions<\/h3>\n<p>[\/vc_column_text][\/vc_column][vc_column width=&#8221;1\/3&#8243;]<div tabindex=\"0\" class=\"ult-new-ib ult-ib-effect-style15  ult-ib-resp ult-ib2-min-height \" data-min-width=\"768\" data-max-width=\"900\" style=\"background:#552c08; opacity:0; \" data-opacity=\"1\" data-hover-opacity=\"0.7\"  data-min-height=\"600\" ><img decoding=\"async\" class=\"ult-new-ib-img\" style=\"opacity:1;\" alt=\"null\" src=\"https:\/\/cafecultor.co\/wp-content\/uploads\/barista-en-casa.png\"  data-min-height=\"600\"   \/><div id=\"interactive-banner-wrap-8895\" class=\"ult-new-ib-desc\" style=\"\"><h3 class=\"ult-new-ib-title ult-responsive\"  data-ultimate-target='#interactive-banner-wrap-8895 .ult-new-ib-title'  data-responsive-json-new='{\"font-size\":\"desktop:22px;\",\"line-height\":\"desktop:40px;\"}'  style=\"font-family:&#039;Oswald&#039;;font-weight:normal;font-style:normal;color:#ffffff;\">BARISTA AT HOME<\/h3><div class=\"ult-new-ib-content ult-responsive\"  data-ultimate-target='#interactive-banner-wrap-8895 .ult-new-ib-content'  data-responsive-json-new='{\"font-size\":\"\",\"line-height\":\"\"}'  style=\"font-weight:normal;color:#ffffff;\"><p>So that your favorite coffee of the day isn\u2019t missing in your cupboard<\/p><\/div><\/div><a class=\"ult-new-ib-link\" href=\"https:\/\/cafecultor.co\/en\/producto\/barista-at-home\/\"  ><\/a><\/div>[\/vc_column][vc_column width=&#8221;2\/3&#8243;]<div tabindex=\"0\" class=\"ult-new-ib ult-ib-effect-style15  ult-ib-resp ult-ib2-min-height  vc_custom_1621977255857\" data-min-width=\"768\" data-max-width=\"900\" style=\"background:#552c08; opacity:0; \" data-opacity=\"1\" data-hover-opacity=\"0.7\"  data-min-height=\"285\" ><img decoding=\"async\" class=\"ult-new-ib-img\" style=\"opacity:1;\" alt=\"null\" src=\"https:\/\/cafecultor.co\/wp-content\/uploads\/home-office-1.jpg\"  data-min-height=\"285\"   \/><div id=\"interactive-banner-wrap-1851\" class=\"ult-new-ib-desc\" style=\"\"><h3 class=\"ult-new-ib-title ult-responsive\"  data-ultimate-target='#interactive-banner-wrap-1851 .ult-new-ib-title'  data-responsive-json-new='{\"font-size\":\"desktop:22px;\",\"line-height\":\"desktop:40px;\"}'  style=\"font-family:&#039;Oswald&#039;;font-weight:normal;font-style:normal;color:#ffffff;\">HOME OFFICE<\/h3><div class=\"ult-new-ib-content ult-responsive\"  data-ultimate-target='#interactive-banner-wrap-1851 .ult-new-ib-content'  data-responsive-json-new='{\"font-size\":\"\",\"line-height\":\"\"}'  style=\"font-weight:normal;color:#ffffff;\"><p>PODS that you prepare in 3 minutes at home or anywhere you go<\/p><\/div><\/div><a class=\"ult-new-ib-link\" href=\"https:\/\/cafecultor.co\/en\/producto\/home-office\/\"  ><\/a><\/div>[vc_row_inner][vc_column_inner width=&#8221;1\/2&#8243;]<div tabindex=\"0\" class=\"ult-new-ib ult-ib-effect-style15  ult-ib-resp ult-ib2-min-height \" data-min-width=\"768\" data-max-width=\"900\" style=\"background:#552c08; opacity:0; \" data-opacity=\"1\" data-hover-opacity=\"0.7\"  data-min-height=\"285\" ><img decoding=\"async\" class=\"ult-new-ib-img\" style=\"opacity:1;\" alt=\"null\" src=\"https:\/\/cafecultor.co\/wp-content\/uploads\/experto-platinum-2.jpg\"  data-min-height=\"285\"   \/><div id=\"interactive-banner-wrap-8854\" class=\"ult-new-ib-desc\" style=\"\"><h3 class=\"ult-new-ib-title ult-responsive\"  data-ultimate-target='#interactive-banner-wrap-8854 .ult-new-ib-title'  data-responsive-json-new='{\"font-size\":\"desktop:22px;\",\"line-height\":\"desktop:40px;\"}'  style=\"font-family:&#039;Oswald&#039;;font-weight:normal;font-style:normal;color:#ffffff;\">PLATINUM EXPERT<\/h3><div class=\"ult-new-ib-content ult-responsive\"  data-ultimate-target='#interactive-banner-wrap-8854 .ult-new-ib-content'  data-responsive-json-new='{\"font-size\":\"\",\"line-height\":\"\"}'  style=\"font-weight:normal;color:#ffffff;\"><p>Distinguished features or characteristics in quintessential coffee flavors and aromas<\/p><\/div><\/div><a class=\"ult-new-ib-link\" href=\"https:\/\/cafecultor.co\/en\/producto\/platinum-expert\/\"  ><\/a><\/div>[\/vc_column_inner][vc_column_inner width=&#8221;1\/2&#8243;]<div tabindex=\"0\" class=\"ult-new-ib ult-ib-effect-style15  ult-ib-resp ult-ib2-min-height \" data-min-width=\"768\" data-max-width=\"900\" style=\"background:#552c08; opacity:0; \" data-opacity=\"1\" data-hover-opacity=\"0.7\"  data-min-height=\"285\" ><img decoding=\"async\" class=\"ult-new-ib-img\" style=\"opacity:1;\" alt=\"null\" src=\"https:\/\/cafecultor.co\/wp-content\/uploads\/cafe-siempre-en-casa-3.jpg\"  data-min-height=\"285\"   \/><div id=\"interactive-banner-wrap-3547\" class=\"ult-new-ib-desc\" style=\"\"><h3 class=\"ult-new-ib-title ult-responsive\"  data-ultimate-target='#interactive-banner-wrap-3547 .ult-new-ib-title'  data-responsive-json-new='{\"font-size\":\"desktop:22px;\",\"line-height\":\"desktop:26px;\"}'  style=\"font-family:&#039;Oswald&#039;;font-weight:normal;font-style:normal;color:#ffffff;\">ALWAYS AT HOME COFFEE<\/h3><div class=\"ult-new-ib-content ult-responsive\"  data-ultimate-target='#interactive-banner-wrap-3547 .ult-new-ib-content'  data-responsive-json-new='{\"font-size\":\"\",\"line-height\":\"\"}'  style=\"font-weight:normal;color:#ffffff;\"><p>We know that having coffee is important in your life<\/p><\/div><\/div><a class=\"ult-new-ib-link\" href=\"https:\/\/cafecultor.co\/en\/producto\/always-at-home-coffee\/\"  ><\/a><\/div>[\/vc_column_inner][\/vc_row_inner][\/vc_column][\/vc_row][vc_row full_width=&#8221;stretch_row&#8221; gap=&#8221;30&#8243; el_id=&#8221;como-te-gusta-el-cafe\u0301&#8221;][vc_column width=&#8221;1\/2&#8243;]<div tabindex=\"0\" class=\"ult-new-ib ult-ib-effect-style1  ult-ib-resp  \" data-min-width=\"768\" data-max-width=\"900\" style=\"background:#000000;\" data-opacity=\"0.8\" data-hover-opacity=\"0.3\" ><img decoding=\"async\" class=\"ult-new-ib-img\" style=\"opacity:0.8;\" alt=\"null\" src=\"https:\/\/cafecultor.co\/wp-content\/uploads\/como-te-gusta-el-cafe.jpg\"   \/><div id=\"interactive-banner-wrap-9384\" class=\"ult-new-ib-desc\" style=\"\"><h2 class=\"ult-new-ib-title ult-responsive\"  data-ultimate-target='#interactive-banner-wrap-9384 .ult-new-ib-title'  data-responsive-json-new='{\"font-size\":\"desktop:27px;\",\"line-height\":\"desktop:52px;\"}'  style=\"font-family:&#039;Oswald&#039;;font-weight:500;color:#ffffff;\">HOW DO YOU LIKE YOUR COFFEE?<\/h2><div class=\"ult-new-ib-content ult-responsive\"  data-ultimate-target='#interactive-banner-wrap-9384 .ult-new-ib-content'  data-responsive-json-new='{\"font-size\":\"desktop:16px;\",\"line-height\":\"desktop:27px;\"}'  style=\"font-family:&#039;Open Sans&#039;;font-weight:normal;color:#ffffff;\"><p>We guide you to find the ideal coffee according to your preferences.<\/p><\/div><\/div><a class=\"ult-new-ib-link\" href=\"https:\/\/cafecultor.co\/en\/how-do-you-like-your-coffee\/\"  ><\/a><\/div>[\/vc_column][vc_column width=&#8221;1\/2&#8243;]<div tabindex=\"0\" class=\"ult-new-ib ult-ib-effect-style1  ult-ib-resp  \" data-min-width=\"768\" data-max-width=\"900\" style=\"background:#000000;\" data-opacity=\"0.8\" data-hover-opacity=\"0.3\" ><img decoding=\"async\" class=\"ult-new-ib-img\" style=\"opacity:0.8;\" alt=\"null\" src=\"https:\/\/cafecultor.co\/wp-content\/uploads\/te-guiamos.jpg\"   \/><div id=\"interactive-banner-wrap-1133\" class=\"ult-new-ib-desc\" style=\"\"><h2 class=\"ult-new-ib-title ult-responsive\"  data-ultimate-target='#interactive-banner-wrap-1133 .ult-new-ib-title'  data-responsive-json-new='{\"font-size\":\"desktop:27px;\",\"line-height\":\"desktop:52px;\"}'  style=\"font-family:&#039;Oswald&#039;;font-weight:500;color:#ffffff;\">I ALREADY KNOW MY COFFEE<\/h2><div class=\"ult-new-ib-content ult-responsive\"  data-ultimate-target='#interactive-banner-wrap-1133 .ult-new-ib-content'  data-responsive-json-new='{\"font-size\":\"desktop:16px;\",\"line-height\":\"desktop:27px;\"}'  style=\"font-family:&#039;Open Sans&#039;;font-weight:normal;color:#ffffff;\"><p>If you already know your favorite Caf\u00e9 Cultor coffee, select this option.<\/p><\/div><\/div><a class=\"ult-new-ib-link\" href=\"https:\/\/cafecultor.co\/en\/i-already-know-my-coffee\/\"  ><\/a><\/div>[\/vc_column][\/vc_row][vc_row full_width=&#8221;stretch_row&#8221; disable_element=&#8221;yes&#8221; css=&#8221;.vc_custom_1597281782595{padding-top: 50px !important;padding-bottom: 50px !important;background-color: #f2f2f2 !important;}&#8221; el_id=&#8221;club-cafecultor&#8221;][vc_column width=&#8221;1\/6&#8243;][\/vc_column][vc_column width=&#8221;2\/3&#8243;][vc_column_text]<\/p>\n<h3 style=\"text-align: center;\">CLUB CAF\u00c9 CULTOR<\/h3>\n<p style=\"text-align: center;\">\u00danete a nuestro club y podr\u00e1s estar actualizado sobre nuestros productos, promociones y todo lo relacionado con el caf\u00e9.<\/p>\n<p>[\/vc_column_text]\n<div class=\"wpcf7 no-js\" id=\"wpcf7-f213-o1\" lang=\"es-ES\" dir=\"ltr\" data-wpcf7-id=\"213\">\n<div class=\"screen-reader-response\"><p role=\"status\" aria-live=\"polite\" aria-atomic=\"true\"><\/p> <ul><\/ul><\/div>\n<form action=\"\/en\/wp-json\/wp\/v2\/pages\/2432#wpcf7-f213-o1\" method=\"post\" class=\"wpcf7-form init\" aria-label=\"Formulario de contacto\" novalidate=\"novalidate\" data-status=\"init\">\n<fieldset class=\"hidden-fields-container\"><input type=\"hidden\" name=\"_wpcf7\" value=\"213\" \/><input type=\"hidden\" name=\"_wpcf7_version\" value=\"6.1\" \/><input type=\"hidden\" name=\"_wpcf7_locale\" value=\"es_ES\" \/><input type=\"hidden\" name=\"_wpcf7_unit_tag\" value=\"wpcf7-f213-o1\" \/><input type=\"hidden\" name=\"_wpcf7_container_post\" value=\"0\" \/><input type=\"hidden\" name=\"_wpcf7_posted_data_hash\" value=\"\" \/><input type=\"hidden\" name=\"_wpcf7_recaptcha_response\" value=\"\" \/>\n<\/fieldset>\n<p class=\"vc_col-sm-9\"><span class=\"wpcf7-form-control-wrap\" data-name=\"Your-email\"><input size=\"40\" maxlength=\"400\" class=\"wpcf7-form-control wpcf7-email wpcf7-validates-as-required wpcf7-text wpcf7-validates-as-email\" aria-required=\"true\" aria-invalid=\"false\" placeholder=\"Tu Email\" value=\"\" type=\"email\" name=\"Your-email\" \/><\/span>\n<\/p>\n<p class=\"vc_col-sm-3\"><input class=\"wpcf7-form-control wpcf7-submit has-spinner\" type=\"submit\" value=\"Enviar\" \/>\n<\/p><div class=\"wpcf7-response-output\" aria-hidden=\"true\"><\/div>\n<\/form>\n<\/div>\n[\/vc_column][vc_column width=&#8221;1\/6&#8243;][\/vc_column][\/vc_row]<\/p>\n<\/div>","protected":false},"excerpt":{"rendered":"<p>[vc_row full_width=&#8221;stretch_row&#8221; full_height=&#8221;yes&#8221; bg_type=&#8221;image&#8221; parallax_style=&#8221;vcpb-default&#8221; bg_image_new=&#8221;id^1535|url^http:\/\/cafecultor.co\/wp-content\/uploads\/fondo-pack-4.jpg|caption^null|alt^null|title^fondo-pack-4|description^null&#8221; bg_image_repeat=&#8221;no-repeat&#8221; bg_image_size=&#8221;contain&#8221; bg_image_posiiton=&#8221;right&#8221;][vc_column][vc_row_inner][vc_column_inner width=&#8221;5\/12&#8243;][vc_column_text] CAF\u00c9CULTOR CLUB Join our club and you will be updated on our products, promotions and everything related to coffee.[\/vc_column_text][\/vc_column_inner][vc_column_inner width=&#8221;7\/12&#8243; offset=&#8221;vc_hidden-xs&#8221;][\/vc_column_inner][vc_column_inner offset=&#8221;vc_hidden-lg vc_hidden-md vc_hidden-sm&#8221;][vc_single_image image=&#8221;1535&#8243; img_size=&#8221;full&#8221; css=&#8221;.vc_custom_1604691069722{margin-top: 30px !important;}&#8221;][\/vc_column_inner][\/vc_row_inner][\/vc_column][\/vc_row][vc_row full_width=&#8221;stretch_row&#8221; el_id=&#8221;suscripciones&#8221; css=&#8221;.vc_custom_1597282014213{padding-top: 50px !important;padding-bottom: 50px !important;background-color: #f2f2f2 !important;}&#8221;][vc_column][vc_column_text] Featured subscriptions [\/vc_column_text][\/vc_column][vc_column width=&#8221;1\/3&#8243;][\/vc_column][vc_column width=&#8221;2\/3&#8243;][vc_row_inner][vc_column_inner width=&#8221;1\/2&#8243;][\/vc_column_inner][vc_column_inner width=&#8221;1\/2&#8243;][\/vc_column_inner][\/vc_row_inner][\/vc_column][\/vc_row][vc_row&hellip;<\/p>\n","protected":false},"author":23,"featured_media":0,"parent":0,"menu_order":0,"comment_status":"closed","ping_status":"closed","template":"","meta":{"footnotes":""},"class_list":["post-2432","page","type-page","status-publish","hentry","description-off"],"_links":{"self":[{"href":"https:\/\/cafecultor.co\/en\/wp-json\/wp\/v2\/pages\/2432","targetHints":{"allow":["GET"]}}],"collection":[{"href":"https:\/\/cafecultor.co\/en\/wp-json\/wp\/v2\/pages"}],"about":[{"href":"https:\/\/cafecultor.co\/en\/wp-json\/wp\/v2\/types\/page"}],"author":[{"embeddable":true,"href":"https:\/\/cafecultor.co\/en\/wp-json\/wp\/v2\/users\/23"}],"replies":[{"embeddable":true,"href":"https:\/\/cafecultor.co\/en\/wp-json\/wp\/v2\/comments?post=2432"}],"version-history":[{"count":2,"href":"https:\/\/cafecultor.co\/en\/wp-json\/wp\/v2\/pages\/2432\/revisions"}],"predecessor-version":[{"id":3330,"href":"https:\/\/cafecultor.co\/en\/wp-json\/wp\/v2\/pages\/2432\/revisions\/3330"}],"wp:attachment":[{"href":"https:\/\/cafecultor.co\/en\/wp-json\/wp\/v2\/media?parent=2432"}],"curies":[{"name":"wp","href":"https:\/\/api.w.org\/{rel}","templated":true}]}}