{"id":2494,"date":"2020-08-15T15:26:49","date_gmt":"2020-08-15T20:26:49","guid":{"rendered":"http:\/\/demo.mifotocabina.com\/cafecultor-website\/producto\/experto-platinum\/"},"modified":"2023-03-04T11:27:15","modified_gmt":"2023-03-04T16:27:15","slug":"platinum-expert","status":"publish","type":"product","link":"https:\/\/cafecultor.co\/en\/producto\/platinum-expert\/","title":{"rendered":"PLATINUM EXPERT"},"content":{"rendered":"<div class=\"wpb-content-wrapper\"><p>[vc_row][vc_column][vc_column_text]In this combo, a gift will be sent, in the first time, which is 1 Caf\u00e9 Cultor cup and a Pin.<\/p>\n<p>*Includes Online Course.[\/vc_column_text][vc_column_text]<\/p>\n<h4>Gift:<\/h4>\n<table id=\"product-attribute-specs-table\" class=\"data table additional-attributes\">\n<tbody>\n<tr>\n<th class=\"col label\" scope=\"row\">Quantities<\/th>\n<th class=\"col label\" scope=\"row\">Product<\/th>\n<th class=\"col label\" scope=\"row\">Months<\/th>\n<th class=\"col label\" scope=\"row\">Expert barista<\/th>\n<\/tr>\n<tr>\n<td class=\"col data\" data-th=\"Variedad\">1<\/td>\n<td class=\"col data\" data-th=\"Variedad\">Pin<\/td>\n<td class=\"col data\" data-th=\"Variedad\">1<\/td>\n<td class=\"col data\" data-th=\"Variedad\">1<\/td>\n<\/tr>\n<tr>\n<td class=\"col data\" data-th=\"Variedad\">1<\/td>\n<td class=\"col data\" data-th=\"Variedad\">Cup<\/td>\n<td class=\"col data\" data-th=\"Variedad\">1<\/td>\n<td class=\"col data\" data-th=\"Variedad\">1<\/td>\n<\/tr>\n<\/tbody>\n<\/table>\n<p>[\/vc_column_text][vc_column_text]<\/p>\n<h4>Subscription:<\/h4>\n<table id=\"product-attribute-specs-table\" class=\"data table additional-attributes\">\n<tbody>\n<tr>\n<th class=\"col label\" scope=\"row\">Expert barista<\/th>\n<th class=\"col label\" scope=\"row\">Quantities<\/th>\n<th class=\"col label\" scope=\"row\">Months<\/th>\n<\/tr>\n<tr>\n<td class=\"col data\" data-th=\"Variedad\">Pounds<\/td>\n<td class=\"col data\" data-th=\"Variedad\">2<\/td>\n<td class=\"col data\" data-th=\"Variedad\">12<\/td>\n<\/tr>\n<tr>\n<td class=\"col data\" data-th=\"Variedad\">125 gr exotic<\/td>\n<td class=\"col data\" data-th=\"Variedad\">1<\/td>\n<td class=\"col data\" data-th=\"Variedad\">12<\/td>\n<\/tr>\n<tr>\n<td class=\"col data\" data-th=\"Variedad\">Pod<\/td>\n<td class=\"col data\" data-th=\"Variedad\">1<\/td>\n<td class=\"col data\" data-th=\"Variedad\">12<\/td>\n<\/tr>\n<\/tbody>\n<\/table>\n<p>[\/vc_column_text][\/vc_column][\/vc_row]<\/p>\n<\/div>","protected":false},"excerpt":{"rendered":"<div class=\"product attribute overview\">\n<div class=\"value\">\n<p>For those specialty coffee explorers looking for distinguished features or characteristics in quintessential coffee flavors and aromas. Also to expand your knowledge in the coffee culture, we bring this subscription that contains:<\/p>\n<ul>\n<li> 125gr of Exotic Varietal \/ Natural Benefit \/ Honey Benefit (subject to availability)<\/li>\n<li>2 Libras de caf\u00e9 (500gr c\/u) cada mes para que no te falte en casa, puedes escoger tu origen de caf\u00e9 favorito o preguntar por recomendaci\u00f3n del barista.<\/li>\n<li>1 POD de cafe con 3 or\u00edgenes de atributos y aromas \u00fanicos para cualquier hora del d\u00eda y de f\u00e1cil preparaci\u00f3n.<\/li>\n<\/ul>\n<\/div>\n<\/div>\n","protected":false},"featured_media":4602,"comment_status":"open","ping_status":"closed","template":"","meta":[],"product_brand":[],"product_cat":[207],"product_tag":[],"class_list":{"0":"post-2494","1":"product","2":"type-product","3":"status-publish","4":"has-post-thumbnail","6":"product_cat-subscriptions","7":"description-off","9":"first","10":"instock","11":"shipping-taxable","12":"purchasable","13":"product-type-variable"},"_links":{"self":[{"href":"https:\/\/cafecultor.co\/en\/wp-json\/wp\/v2\/product\/2494","targetHints":{"allow":["GET"]}}],"collection":[{"href":"https:\/\/cafecultor.co\/en\/wp-json\/wp\/v2\/product"}],"about":[{"href":"https:\/\/cafecultor.co\/en\/wp-json\/wp\/v2\/types\/product"}],"replies":[{"embeddable":true,"href":"https:\/\/cafecultor.co\/en\/wp-json\/wp\/v2\/comments?post=2494"}],"wp:featuredmedia":[{"embeddable":true,"href":"https:\/\/cafecultor.co\/en\/wp-json\/wp\/v2\/media\/4602"}],"wp:attachment":[{"href":"https:\/\/cafecultor.co\/en\/wp-json\/wp\/v2\/media?parent=2494"}],"wp:term":[{"taxonomy":"product_brand","embeddable":true,"href":"https:\/\/cafecultor.co\/en\/wp-json\/wp\/v2\/product_brand?post=2494"},{"taxonomy":"product_cat","embeddable":true,"href":"https:\/\/cafecultor.co\/en\/wp-json\/wp\/v2\/product_cat?post=2494"},{"taxonomy":"product_tag","embeddable":true,"href":"https:\/\/cafecultor.co\/en\/wp-json\/wp\/v2\/product_tag?post=2494"}],"curies":[{"name":"wp","href":"https:\/\/api.w.org\/{rel}","templated":true}]}}